{"id":5385,"date":"2025-05-28T09:32:31","date_gmt":"2025-05-28T07:32:31","guid":{"rendered":"https:\/\/www.transfusion-fr.ch\/?page_id=5385"},"modified":"2025-06-02T10:04:52","modified_gmt":"2025-06-02T08:04:52","slug":"jahresbericht-2024","status":"publish","type":"page","link":"https:\/\/www.transfusion-fr.ch\/de\/a-propos-de-nous\/rapport-annuel-2024\/","title":{"rendered":"Jahresbericht 2024"},"content":{"rendered":"\t\t<div data-elementor-type=\"wp-page\" data-elementor-id=\"5385\" class=\"elementor elementor-5385\" data-elementor-post-type=\"page\">\n\t\t\t\t<div class=\"elementor-element elementor-element-571b5e1 e-flex e-con-boxed e-con e-child\" data-id=\"571b5e1\" data-element_type=\"container\" data-e-type=\"container\" data-settings=\"{&quot;background_background&quot;:&quot;classic&quot;,&quot;jet_parallax_layout_list&quot;:[]}\">\n\t\t\t\t\t<div class=\"e-con-inner\">\n\t\t\t\t<div class=\"elementor-element elementor-element-d5061af elementor-widget elementor-widget-heading\" data-id=\"d5061af\" data-element_type=\"widget\" data-e-type=\"widget\" data-widget_type=\"heading.default\">\n\t\t\t\t<div class=\"elementor-widget-container\">\n\t\t\t\t\t<h1 class=\"elementor-heading-title elementor-size-default\">Rapport annuel 2024<\/h1>\t\t\t\t<\/div>\n\t\t\t\t<\/div>\n\t\t\t\t\t<\/div>\n\t\t\t\t<\/div>\n\t\t<div class=\"elementor-element elementor-element-6e15c2f e-con-full e-flex e-con e-parent\" data-id=\"6e15c2f\" data-element_type=\"container\" data-e-type=\"container\" data-settings=\"{&quot;jet_parallax_layout_list&quot;:[]}\">\n\t\t<div class=\"elementor-element elementor-element-a29466b e-con-full e-flex e-con e-child\" data-id=\"a29466b\" data-element_type=\"container\" data-e-type=\"container\" data-settings=\"{&quot;jet_parallax_layout_list&quot;:[]}\">\n\t\t\t\t<div class=\"elementor-element elementor-element-aa65bac elementor-widget__width-initial elementor-widget elementor-widget-heading\" data-id=\"aa65bac\" data-element_type=\"widget\" data-e-type=\"widget\" data-widget_type=\"heading.default\">\n\t\t\t\t<div class=\"elementor-widget-container\">\n\t\t\t\t\t<h2 class=\"elementor-heading-title elementor-size-default\">Nouvelle voiture pour les collectes externes<\/h2>\t\t\t\t<\/div>\n\t\t\t\t<\/div>\n\t\t\t\t<div class=\"elementor-element elementor-element-88d4d90 elementor-widget elementor-widget-text-editor\" data-id=\"88d4d90\" data-element_type=\"widget\" data-e-type=\"widget\" data-widget_type=\"text-editor.default\">\n\t\t\t\t<div class=\"elementor-widget-container\">\n\t\t\t\t\t\t\t\t\t<p style=\"font-weight: 400;\">Depuis fin 2024, une nouvelle voiture est \u00e0 notre disposition qui remplace le bus blanc. Elle permet une organisation plus efficace et flexible sur diff\u00e9rents sites du canton.<\/p>\t\t\t\t\t\t\t\t<\/div>\n\t\t\t\t<\/div>\n\t\t\t\t<\/div>\n\t\t<div class=\"elementor-element elementor-element-eecb7d9 e-con-full e-flex e-con e-child\" data-id=\"eecb7d9\" data-element_type=\"container\" data-e-type=\"container\" data-settings=\"{&quot;jet_parallax_layout_list&quot;:[]}\">\n\t\t\t\t<div class=\"elementor-element elementor-element-f4a89d2 elementor-widget elementor-widget-image\" data-id=\"f4a89d2\" data-element_type=\"widget\" data-e-type=\"widget\" data-widget_type=\"image.default\">\n\t\t\t\t<div class=\"elementor-widget-container\">\n\t\t\t\t\t\t\t\t\t\t\t\t\t\t\t<img fetchpriority=\"high\" decoding=\"async\" width=\"2560\" height=\"1267\" src=\"https:\/\/www.transfusion-fr.ch\/wp-content\/uploads\/2025\/05\/IMG_0378-scaled.jpg\" class=\"attachment-full size-full wp-image-5518\" alt=\"\" srcset=\"https:\/\/www.transfusion-fr.ch\/wp-content\/uploads\/2025\/05\/IMG_0378-scaled.jpg 2560w, https:\/\/www.transfusion-fr.ch\/wp-content\/uploads\/2025\/05\/IMG_0378-300x148.jpg 300w, https:\/\/www.transfusion-fr.ch\/wp-content\/uploads\/2025\/05\/IMG_0378-1024x507.jpg 1024w, https:\/\/www.transfusion-fr.ch\/wp-content\/uploads\/2025\/05\/IMG_0378-768x380.jpg 768w, https:\/\/www.transfusion-fr.ch\/wp-content\/uploads\/2025\/05\/IMG_0378-1536x760.jpg 1536w, https:\/\/www.transfusion-fr.ch\/wp-content\/uploads\/2025\/05\/IMG_0378-2048x1014.jpg 2048w, https:\/\/www.transfusion-fr.ch\/wp-content\/uploads\/2025\/05\/IMG_0378-18x9.jpg 18w\" sizes=\"(max-width: 2560px) 100vw, 2560px\" \/>\t\t\t\t\t\t\t\t\t\t\t\t\t\t\t<\/div>\n\t\t\t\t<\/div>\n\t\t\t\t<\/div>\n\t\t\t\t<\/div>\n\t\t<div class=\"elementor-element elementor-element-774d3b4 e-flex e-con-boxed  , fade-wrapper e-con e-parent\" data-id=\"774d3b4\" data-element_type=\"container\" data-e-type=\"container\" data-settings=\"{&quot;background_background&quot;:&quot;classic&quot;,&quot;jet_parallax_layout_list&quot;:[]}\">\n\t\t\t\t\t<div class=\"e-con-inner\">\n\t\t\t\t<div class=\"elementor-element elementor-element-d1e8544 elementor-widget elementor-widget-heading\" data-id=\"d1e8544\" data-element_type=\"widget\" data-e-type=\"widget\" data-widget_type=\"heading.default\">\n\t\t\t\t<div class=\"elementor-widget-container\">\n\t\t\t\t\t<h2 class=\"elementor-heading-title elementor-size-default\">Campagne dans les r\u00e9seaux sociaux<\/h2>\t\t\t\t<\/div>\n\t\t\t\t<\/div>\n\t\t\t\t<div class=\"elementor-element elementor-element-ade1f46 elementor-widget elementor-widget-image-carousel\" data-id=\"ade1f46\" data-element_type=\"widget\" data-e-type=\"widget\" data-settings=\"{&quot;slides_to_show&quot;:&quot;4&quot;,&quot;slides_to_show_laptop&quot;:&quot;3&quot;,&quot;slides_to_show_tablet&quot;:&quot;2&quot;,&quot;slides_to_show_mobile&quot;:&quot;1&quot;,&quot;slides_to_scroll&quot;:&quot;1&quot;,&quot;navigation&quot;:&quot;none&quot;,&quot;autoplay&quot;:&quot;yes&quot;,&quot;autoplay_speed&quot;:5000,&quot;infinite&quot;:&quot;yes&quot;,&quot;speed&quot;:500,&quot;image_spacing_custom&quot;:{&quot;unit&quot;:&quot;px&quot;,&quot;size&quot;:20,&quot;sizes&quot;:[]},&quot;image_spacing_custom_widescreen&quot;:{&quot;unit&quot;:&quot;px&quot;,&quot;size&quot;:&quot;&quot;,&quot;sizes&quot;:[]},&quot;image_spacing_custom_laptop&quot;:{&quot;unit&quot;:&quot;px&quot;,&quot;size&quot;:&quot;&quot;,&quot;sizes&quot;:[]},&quot;image_spacing_custom_tablet&quot;:{&quot;unit&quot;:&quot;px&quot;,&quot;size&quot;:&quot;&quot;,&quot;sizes&quot;:[]}}\" data-widget_type=\"image-carousel.default\">\n\t\t\t\t<div class=\"elementor-widget-container\">\n\t\t\t\t\t\t\t<div class=\"elementor-image-carousel-wrapper swiper\" role=\"region\" aria-roledescription=\"carousel\" aria-label=\"Carrousel d\u2019images\" dir=\"ltr\">\n\t\t\t<div class=\"elementor-image-carousel swiper-wrapper\" aria-live=\"off\">\n\t\t\t\t\t\t\t\t<div class=\"swiper-slide\" role=\"group\" aria-roledescription=\"slide\" aria-label=\"1 of 8\"><a data-elementor-open-lightbox=\"yes\" data-elementor-lightbox-slideshow=\"ade1f46\" data-elementor-lightbox-title=\"IMG_8240\" data-e-action-hash=\"#elementor-action%3Aaction%3Dlightbox%26settings%3DeyJpZCI6NTQwMSwidXJsIjoiaHR0cHM6XC9cL3d3dy50cmFuc2Z1c2lvbi1mci5jaFwvd3AtY29udGVudFwvdXBsb2Fkc1wvMjAyNVwvMDVcL0lNR184MjQwLnBuZyIsInNsaWRlc2hvdyI6ImFkZTFmNDYifQ%3D%3D\" href=\"https:\/\/www.instagram.com\/dondusang_fr_blutspende\/\" target=\"_blank\" rel=\"noopener\"><figure class=\"swiper-slide-inner\"><img decoding=\"async\" class=\"swiper-slide-image\" src=\"https:\/\/www.transfusion-fr.ch\/wp-content\/uploads\/2025\/05\/IMG_8240-768x1066.png\" alt=\"IMG_8240\" \/><\/figure><\/a><\/div><div class=\"swiper-slide\" role=\"group\" aria-roledescription=\"slide\" aria-label=\"2 of 8\"><a data-elementor-open-lightbox=\"yes\" data-elementor-lightbox-slideshow=\"ade1f46\" data-elementor-lightbox-title=\"IMG_8236\" data-e-action-hash=\"#elementor-action%3Aaction%3Dlightbox%26settings%3DeyJpZCI6NTM5OSwidXJsIjoiaHR0cHM6XC9cL3d3dy50cmFuc2Z1c2lvbi1mci5jaFwvd3AtY29udGVudFwvdXBsb2Fkc1wvMjAyNVwvMDVcL0lNR184MjM2LnBuZyIsInNsaWRlc2hvdyI6ImFkZTFmNDYifQ%3D%3D\" href=\"https:\/\/www.instagram.com\/dondusang_fr_blutspende\/\" target=\"_blank\" rel=\"noopener\"><figure class=\"swiper-slide-inner\"><img decoding=\"async\" class=\"swiper-slide-image\" src=\"https:\/\/www.transfusion-fr.ch\/wp-content\/uploads\/2025\/05\/IMG_8236-768x1066.png\" alt=\"IMG_8236\" \/><\/figure><\/a><\/div><div class=\"swiper-slide\" role=\"group\" aria-roledescription=\"slide\" aria-label=\"3 of 8\"><a data-elementor-open-lightbox=\"yes\" data-elementor-lightbox-slideshow=\"ade1f46\" data-elementor-lightbox-title=\"IMG_8242\" data-e-action-hash=\"#elementor-action%3Aaction%3Dlightbox%26settings%3DeyJpZCI6NTQwMywidXJsIjoiaHR0cHM6XC9cL3d3dy50cmFuc2Z1c2lvbi1mci5jaFwvd3AtY29udGVudFwvdXBsb2Fkc1wvMjAyNVwvMDVcL0lNR184MjQyLnBuZyIsInNsaWRlc2hvdyI6ImFkZTFmNDYifQ%3D%3D\" href=\"https:\/\/www.instagram.com\/dondusang_fr_blutspende\/\" target=\"_blank\" rel=\"noopener\"><figure class=\"swiper-slide-inner\"><img decoding=\"async\" class=\"swiper-slide-image\" src=\"https:\/\/www.transfusion-fr.ch\/wp-content\/uploads\/2025\/05\/IMG_8242-768x1066.png\" alt=\"IMG_8242\" \/><\/figure><\/a><\/div><div class=\"swiper-slide\" role=\"group\" aria-roledescription=\"slide\" aria-label=\"4 of 8\"><a data-elementor-open-lightbox=\"yes\" data-elementor-lightbox-slideshow=\"ade1f46\" data-elementor-lightbox-title=\"IMG_8238\" data-e-action-hash=\"#elementor-action%3Aaction%3Dlightbox%26settings%3DeyJpZCI6NTQwMCwidXJsIjoiaHR0cHM6XC9cL3d3dy50cmFuc2Z1c2lvbi1mci5jaFwvd3AtY29udGVudFwvdXBsb2Fkc1wvMjAyNVwvMDVcL0lNR184MjM4LnBuZyIsInNsaWRlc2hvdyI6ImFkZTFmNDYifQ%3D%3D\" href=\"https:\/\/www.instagram.com\/dondusang_fr_blutspende\/\" target=\"_blank\" rel=\"noopener\"><figure class=\"swiper-slide-inner\"><img decoding=\"async\" class=\"swiper-slide-image\" src=\"https:\/\/www.transfusion-fr.ch\/wp-content\/uploads\/2025\/05\/IMG_8238-768x1066.png\" alt=\"IMG_8238\" \/><\/figure><\/a><\/div><div class=\"swiper-slide\" role=\"group\" aria-roledescription=\"slide\" aria-label=\"5 of 8\"><a data-elementor-open-lightbox=\"yes\" data-elementor-lightbox-slideshow=\"ade1f46\" data-elementor-lightbox-title=\"IMG_8243\" data-e-action-hash=\"#elementor-action%3Aaction%3Dlightbox%26settings%3DeyJpZCI6NTQwNCwidXJsIjoiaHR0cHM6XC9cL3d3dy50cmFuc2Z1c2lvbi1mci5jaFwvd3AtY29udGVudFwvdXBsb2Fkc1wvMjAyNVwvMDVcL0lNR184MjQzLnBuZyIsInNsaWRlc2hvdyI6ImFkZTFmNDYifQ%3D%3D\" href=\"https:\/\/www.instagram.com\/dondusang_fr_blutspende\/\" target=\"_blank\" rel=\"noopener\"><figure class=\"swiper-slide-inner\"><img decoding=\"async\" class=\"swiper-slide-image\" src=\"https:\/\/www.transfusion-fr.ch\/wp-content\/uploads\/2025\/05\/IMG_8243-768x1066.png\" alt=\"IMG_8243\" \/><\/figure><\/a><\/div><div class=\"swiper-slide\" role=\"group\" aria-roledescription=\"slide\" aria-label=\"6 of 8\"><a data-elementor-open-lightbox=\"yes\" data-elementor-lightbox-slideshow=\"ade1f46\" data-elementor-lightbox-title=\"IMG_8246\" data-e-action-hash=\"#elementor-action%3Aaction%3Dlightbox%26settings%3DeyJpZCI6NTUxMSwidXJsIjoiaHR0cHM6XC9cL3d3dy50cmFuc2Z1c2lvbi1mci5jaFwvd3AtY29udGVudFwvdXBsb2Fkc1wvMjAyNVwvMDVcL0lNR184MjQ2LnBuZyIsInNsaWRlc2hvdyI6ImFkZTFmNDYifQ%3D%3D\" href=\"https:\/\/www.instagram.com\/dondusang_fr_blutspende\/\" target=\"_blank\" rel=\"noopener\"><figure class=\"swiper-slide-inner\"><img decoding=\"async\" class=\"swiper-slide-image\" src=\"https:\/\/www.transfusion-fr.ch\/wp-content\/uploads\/2025\/05\/IMG_8246-768x1066.png\" alt=\"IMG_8246\" \/><\/figure><\/a><\/div><div class=\"swiper-slide\" role=\"group\" aria-roledescription=\"slide\" aria-label=\"7 of 8\"><a data-elementor-open-lightbox=\"yes\" data-elementor-lightbox-slideshow=\"ade1f46\" data-elementor-lightbox-title=\"IMG_8241\" data-e-action-hash=\"#elementor-action%3Aaction%3Dlightbox%26settings%3DeyJpZCI6NTQwMiwidXJsIjoiaHR0cHM6XC9cL3d3dy50cmFuc2Z1c2lvbi1mci5jaFwvd3AtY29udGVudFwvdXBsb2Fkc1wvMjAyNVwvMDVcL0lNR184MjQxLnBuZyIsInNsaWRlc2hvdyI6ImFkZTFmNDYifQ%3D%3D\" href=\"https:\/\/www.instagram.com\/dondusang_fr_blutspende\/\" target=\"_blank\" rel=\"noopener\"><figure class=\"swiper-slide-inner\"><img decoding=\"async\" class=\"swiper-slide-image\" src=\"https:\/\/www.transfusion-fr.ch\/wp-content\/uploads\/2025\/05\/IMG_8241-768x1065.png\" alt=\"IMG_8241\" \/><\/figure><\/a><\/div><div class=\"swiper-slide\" role=\"group\" aria-roledescription=\"slide\" aria-label=\"8 of 8\"><a data-elementor-open-lightbox=\"yes\" data-elementor-lightbox-slideshow=\"ade1f46\" data-elementor-lightbox-title=\"IMG_8245\" data-e-action-hash=\"#elementor-action%3Aaction%3Dlightbox%26settings%3DeyJpZCI6NTUxMCwidXJsIjoiaHR0cHM6XC9cL3d3dy50cmFuc2Z1c2lvbi1mci5jaFwvd3AtY29udGVudFwvdXBsb2Fkc1wvMjAyNVwvMDVcL0lNR184MjQ1LnBuZyIsInNsaWRlc2hvdyI6ImFkZTFmNDYifQ%3D%3D\" href=\"https:\/\/www.instagram.com\/dondusang_fr_blutspende\/\" target=\"_blank\" rel=\"noopener\"><figure class=\"swiper-slide-inner\"><img decoding=\"async\" class=\"swiper-slide-image\" src=\"https:\/\/www.transfusion-fr.ch\/wp-content\/uploads\/2025\/05\/IMG_8245-768x1066.png\" alt=\"IMG_8245\" \/><\/figure><\/a><\/div>\t\t\t<\/div>\n\t\t\t\t\t\t\t\n\t\t\t\t\t\t\t\t\t<\/div>\n\t\t\t\t\t\t<\/div>\n\t\t\t\t<\/div>\n\t\t<div class=\"elementor-element elementor-element-9f6a12e e-con-full e-flex e-con e-child\" data-id=\"9f6a12e\" data-element_type=\"container\" data-e-type=\"container\" data-settings=\"{&quot;jet_parallax_layout_list&quot;:[]}\">\n\t\t\t\t<div class=\"elementor-element elementor-element-9fb7a56 elementor-widget__width-initial elementor-widget elementor-widget-image\" data-id=\"9fb7a56\" data-element_type=\"widget\" data-e-type=\"widget\" data-widget_type=\"image.default\">\n\t\t\t\t<div class=\"elementor-widget-container\">\n\t\t\t\t\t\t\t\t\t\t\t\t\t\t\t<img decoding=\"async\" width=\"497\" height=\"1024\" src=\"https:\/\/www.transfusion-fr.ch\/wp-content\/uploads\/2025\/05\/instagram_profile-497x1024.png\" class=\"attachment-large size-large wp-image-5582\" alt=\"\" srcset=\"https:\/\/www.transfusion-fr.ch\/wp-content\/uploads\/2025\/05\/instagram_profile-497x1024.png 497w, https:\/\/www.transfusion-fr.ch\/wp-content\/uploads\/2025\/05\/instagram_profile-146x300.png 146w, https:\/\/www.transfusion-fr.ch\/wp-content\/uploads\/2025\/05\/instagram_profile-768x1581.png 768w, https:\/\/www.transfusion-fr.ch\/wp-content\/uploads\/2025\/05\/instagram_profile-746x1536.png 746w, https:\/\/www.transfusion-fr.ch\/wp-content\/uploads\/2025\/05\/instagram_profile-995x2048.png 995w, https:\/\/www.transfusion-fr.ch\/wp-content\/uploads\/2025\/05\/instagram_profile-6x12.png 6w, https:\/\/www.transfusion-fr.ch\/wp-content\/uploads\/2025\/05\/instagram_profile.png 1232w\" sizes=\"(max-width: 497px) 100vw, 497px\" \/>\t\t\t\t\t\t\t\t\t\t\t\t\t\t\t<\/div>\n\t\t\t\t<\/div>\n\t\t<div class=\"elementor-element elementor-element-7fc42c5 e-con-full e-flex e-con e-child\" data-id=\"7fc42c5\" data-element_type=\"container\" data-e-type=\"container\" data-settings=\"{&quot;jet_parallax_layout_list&quot;:[],&quot;motion_fx_motion_fx_scrolling&quot;:&quot;yes&quot;,&quot;motion_fx_devices&quot;:[&quot;widescreen&quot;,&quot;desktop&quot;,&quot;laptop&quot;,&quot;tablet&quot;,&quot;mobile&quot;]}\">\n\t\t\t\t<div class=\"elementor-element elementor-element-9faaa15 elementor-widget elementor-widget-heading\" data-id=\"9faaa15\" data-element_type=\"widget\" data-e-type=\"widget\" data-widget_type=\"heading.default\">\n\t\t\t\t<div class=\"elementor-widget-container\">\n\t\t\t\t\t<h2 class=\"elementor-heading-title elementor-size-default\">Nouveaux publics cibles\n\n<\/h2>\t\t\t\t<\/div>\n\t\t\t\t<\/div>\n\t\t\t\t<div class=\"elementor-element elementor-element-6b71c7b elementor-widget elementor-widget-text-editor\" data-id=\"6b71c7b\" data-element_type=\"widget\" data-e-type=\"widget\" data-widget_type=\"text-editor.default\">\n\t\t\t\t<div class=\"elementor-widget-container\">\n\t\t\t\t\t\t\t\t\t<p data-start=\"117\" data-end=\"348\">En 2024, nous avons lanc\u00e9 une campagne sur les r\u00e9seaux sociaux afin de sensibiliser de nouveaux donneurs et donneuses de sang. La campagne se poursuit en 2025, avec pour objectif principal de toucher notamment un public plus jeune et de les informer.<\/p>\t\t\t\t\t\t\t\t<\/div>\n\t\t\t\t<\/div>\n\t\t\t\t<div class=\"elementor-element elementor-element-019999d generate_lead elementor-widget elementor-widget-button\" data-id=\"019999d\" data-element_type=\"widget\" data-e-type=\"widget\" data-widget_type=\"button.default\">\n\t\t\t\t<div class=\"elementor-widget-container\">\n\t\t\t\t\t\t\t\t\t<div class=\"elementor-button-wrapper\">\n\t\t\t\t\t<a class=\"elementor-button elementor-button-link elementor-size-sm\" href=\"https:\/\/www.instagram.com\/dondusang_fr_blutspende\/\" target=\"_blank\" rel=\"noopener\">\n\t\t\t\t\t\t<span class=\"elementor-button-content-wrapper\">\n\t\t\t\t\t\t<span class=\"elementor-button-icon\">\n\t\t\t\t<i aria-hidden=\"true\" class=\"fab fa-instagram\"><\/i>\t\t\t<\/span>\n\t\t\t\t\t\t\t\t\t<span class=\"elementor-button-text\">Instagram<\/span>\n\t\t\t\t\t<\/span>\n\t\t\t\t\t<\/a>\n\t\t\t\t<\/div>\n\t\t\t\t\t\t\t\t<\/div>\n\t\t\t\t<\/div>\n\t\t\t\t<\/div>\n\t\t\t\t<\/div>\n\t\t\t\t\t<\/div>\n\t\t\t\t<\/div>\n\t\t<div class=\"elementor-element elementor-element-3074952 e-flex e-con-boxed e-con e-child\" data-id=\"3074952\" data-element_type=\"container\" data-e-type=\"container\" data-settings=\"{&quot;jet_parallax_layout_list&quot;:[]}\">\n\t\t\t\t\t<div class=\"e-con-inner\">\n\t\t\t\t<div class=\"elementor-element elementor-element-fe5e68b elementor-widget__width-initial elementor-widget elementor-widget-heading\" data-id=\"fe5e68b\" data-element_type=\"widget\" data-e-type=\"widget\" data-widget_type=\"heading.default\">\n\t\t\t\t<div class=\"elementor-widget-container\">\n\t\t\t\t\t<h1 class=\"elementor-heading-title elementor-size-default\">Rapport annuel complet<\/h1>\t\t\t\t<\/div>\n\t\t\t\t<\/div>\n\t\t\t\t<div class=\"elementor-element elementor-element-36e5cbf generate_lead elementor-widget elementor-widget-button\" data-id=\"36e5cbf\" data-element_type=\"widget\" data-e-type=\"widget\" data-widget_type=\"button.default\">\n\t\t\t\t<div class=\"elementor-widget-container\">\n\t\t\t\t\t\t\t\t\t<div class=\"elementor-button-wrapper\">\n\t\t\t\t\t<a class=\"elementor-button elementor-button-link elementor-size-sm\" href=\"https:\/\/www.transfusion-fr.ch\/wp-content\/uploads\/2025\/06\/Rapport_annuel_2024_transfusion_crs_fribourg.pdf\" target=\"_blank\">\n\t\t\t\t\t\t<span class=\"elementor-button-content-wrapper\">\n\t\t\t\t\t\t<span class=\"elementor-button-icon\">\n\t\t\t\t<i aria-hidden=\"true\" class=\"far fa-file-pdf\"><\/i>\t\t\t<\/span>\n\t\t\t\t\t\t\t\t\t<span class=\"elementor-button-text\">Rapport annuel 2024<\/span>\n\t\t\t\t\t<\/span>\n\t\t\t\t\t<\/a>\n\t\t\t\t<\/div>\n\t\t\t\t\t\t\t\t<\/div>\n\t\t\t\t<\/div>\n\t\t\t\t\t<\/div>\n\t\t\t\t<\/div>\n\t\t\t\t<\/div>\n\t\t","protected":false},"excerpt":{"rendered":"<p>Rapport annuel 2024 Nouvelle voiture pour les collectes externes Depuis fin 2024, une nouvelle voiture est \u00e0 notre disposition qui remplace le bus blanc. Elle permet une organisation plus efficace et flexible sur diff\u00e9rents sites du canton. Campagne dans les r\u00e9seaux sociaux Nouveaux publics cibles En 2024, nous avons lanc\u00e9 une campagne sur les r\u00e9seaux [&hellip;]<\/p>\n","protected":false},"author":7,"featured_media":0,"parent":212,"menu_order":0,"comment_status":"closed","ping_status":"closed","template":"elementor_header_footer","meta":{"_acf_changed":false,"footnotes":""},"class_list":["post-5385","page","type-page","status-publish","hentry"],"acf":[],"_links":{"self":[{"href":"https:\/\/www.transfusion-fr.ch\/de\/wp-json\/wp\/v2\/pages\/5385","targetHints":{"allow":["GET"]}}],"collection":[{"href":"https:\/\/www.transfusion-fr.ch\/de\/wp-json\/wp\/v2\/pages"}],"about":[{"href":"https:\/\/www.transfusion-fr.ch\/de\/wp-json\/wp\/v2\/types\/page"}],"author":[{"embeddable":true,"href":"https:\/\/www.transfusion-fr.ch\/de\/wp-json\/wp\/v2\/users\/7"}],"replies":[{"embeddable":true,"href":"https:\/\/www.transfusion-fr.ch\/de\/wp-json\/wp\/v2\/comments?post=5385"}],"version-history":[{"count":319,"href":"https:\/\/www.transfusion-fr.ch\/de\/wp-json\/wp\/v2\/pages\/5385\/revisions"}],"predecessor-version":[{"id":5720,"href":"https:\/\/www.transfusion-fr.ch\/de\/wp-json\/wp\/v2\/pages\/5385\/revisions\/5720"}],"up":[{"embeddable":true,"href":"https:\/\/www.transfusion-fr.ch\/de\/wp-json\/wp\/v2\/pages\/212"}],"wp:attachment":[{"href":"https:\/\/www.transfusion-fr.ch\/de\/wp-json\/wp\/v2\/media?parent=5385"}],"curies":[{"name":"wp","href":"https:\/\/api.w.org\/{rel}","templated":true}]}}